{"id":11123,"date":"2022-08-16T20:58:59","date_gmt":"2022-08-16T20:58:59","guid":{"rendered":"https:\/\/talento-global.com\/quienes-somos-aleman\/"},"modified":"2026-01-14T14:26:43","modified_gmt":"2026-01-14T14:26:43","slug":"quienes-somos","status":"publish","type":"page","link":"https:\/\/talento-global.com\/de\/quienes-somos\/","title":{"rendered":"WER WIR SIND"},"content":{"rendered":"<p>[vc_row row_type=&#8220;row&#8220; use_row_as_full_screen_section=&#8220;no&#8220; type=&#8220;grid&#8220; oblique_section=&#8220;no&#8220; text_align=&#8220;center&#8220; Overflow=&#8220;&#8220; triangle_shape=&#8220;no&#8220; css_animation=&#8220;element_from_fade&#8220; overflow=&#8220;&#8220;][vc_column][vc_empty_space height=&#8220;52px&#8220; image_repeat=&#8220;no-repeat&#8220;][vc_single_image image=&#8220;10709&#8243; alignment=&#8220;center&#8220; mkd_css_animation=&#8220;&#8220; set_shader=&#8220;no&#8220; set_popup=&#8220;no&#8220; animate_image_on_hover=&#8220;zoom&#8220;][vc_empty_space height=&#8220;35px&#8220; image_repeat=&#8220;no-repeat&#8220;]<div class=\"custom_font_holder  \" style=\"font-family: Lato; font-size: 22px; line-height: 32px; font-style: normal; font-weight: 400; color: #007ac1; text-decoration: none; text-transform: none; text-align: center\" data-font-size=22 data-line-height=32 ><div  ><div style=\"text-align: center;\" data-pm-slice=\"1 1 []\" data-en-clipboard=\"true\">\n<div data-pm-slice=\"1 1 []\" data-en-clipboard=\"true\">Wir von Talento Global sind ein Personalberatungsunternehmen, das ma\u00dfgeschneiderte L\u00f6sungen f\u00fcr die Personalbeschaffung und -auswahl in ganz Argentinien und weltweit anbietet.<\/div>\n<\/div>\n<\/div><\/div>[vc_empty_space height=&#8220;20px&#8220; image_repeat=&#8220;no-repeat&#8220;]<div class=\"custom_font_holder  \" style=\"font-family: Lato; font-size: 22px; line-height: 32px; font-style: normal; font-weight: 400; color: #007ac1; text-decoration: none; text-transform: none; text-align: center\" data-font-size=22 data-line-height=32 ><div  ><div style=\"text-align: center;\" data-pm-slice=\"1 1 []\" data-en-clipboard=\"true\">\n<div data-pm-slice=\"1 1 []\" data-en-clipboard=\"true\">Mit unserem strategischen Fokus auf die argentinische Region Patagonien sind wir darauf spezialisiert, qualifizierte Talente mit lokalen und internationalen Unternehmen zusammenzubringen. Wir sorgen daf\u00fcr, dass jeder Auswahlprozess effizient, schnell und auf Ihre Gesch\u00e4ftsziele abgestimmt ist \u2013 ob im Norden, S\u00fcden oder anderswo auf der Welt.<\/div>\n<\/div>\n<\/div><\/div>[vc_empty_space height=&#8220;72px&#8220; image_repeat=&#8220;no-repeat&#8220;][\/vc_column][\/vc_row][vc_row row_type=&#8220;row&#8220; use_row_as_full_screen_section=&#8220;no&#8220; type=&#8220;grid&#8220; oblique_section=&#8220;no&#8220; text_align=&#8220;center&#8220; Overflow=&#8220;&#8220; triangle_shape=&#8220;yes&#8220; triangle_shape_position=&#8220;top&#8220; triangle_shape_color=&#8220;#ffffff&#8220; background_image=&#8220;11199&#8243; css_animation=&#8220;element_from_fade&#8220; overflow=&#8220;&#8220;][vc_column][vc_empty_space height=&#8220;80px&#8220; image_repeat=&#8220;no-repeat&#8220;]<div class=\"custom_font_holder typed_parent \" style=\"font-family: Lato; font-size: 36px; line-height: 46px; font-style: normal; font-weight: 900; color: #ffffff; text-decoration: none; text-shadow: 1px 1px 2px rgba(0, 0, 0, 0.4);; text-transform: uppercase; text-align: center\" data-font-size=36 data-line-height=46 ><span class=\"typed \" data-loop=true data-speed=60 data-back_delay=900   ><span>UNSERE MISSION UND WERTE<\/span><\/span><\/div>[vc_separator type=&#8220;small&#8220; position=&#8220;center&#8220; color=&#8220;#ffffff&#8220; width=&#8220;30&#8243; thickness=&#8220;2&#8243; up=&#8220;20&#8243; up_style=&#8220;px&#8220; down=&#8220;40&#8243; down_style=&#8220;px&#8220;]<div class=\"custom_font_holder  \" style=\"font-family: Lato; font-size: 18px; line-height: 25px; font-style: normal; font-weight: 700; color: #ffffff; text-decoration: none; text-shadow: 1px 1px 2px rgba(0, 0, 0, 0.4);; text-transform: uppercase; text-align: center\" data-font-size=18 data-line-height=25 ><div  ><div style=\"text-align: center;\" data-pm-slice=\"1 1 []\" data-en-clipboard=\"true\">\n<div data-pm-slice=\"1 1 []\" data-en-clipboard=\"true\">Bei Talento Global ist es unser Ziel, die besten Talente mit erfolgreichen Unternehmen zu verbinden. Dank unserer starken Pr\u00e4senz in Patagonien, Argentinien, kennen wir die besonderen Herausforderungen dieser Region und bieten L\u00f6sungen, die den Bed\u00fcrfnissen lokaler Unternehmen gerecht werden. Weltweit ist es unsere Mission, Unternehmen dabei zu unterst\u00fctzen, hochkar\u00e4tige Talente zu gewinnen, die ihr Wachstum vorantreiben.<\/div>\n<\/div>\n<\/div><\/div>[vc_empty_space height=&#8220;80px&#8220; image_repeat=&#8220;no-repeat&#8220;][\/vc_column][\/vc_row][vc_row row_type=&#8220;row&#8220; use_row_as_full_screen_section=&#8220;no&#8220; type=&#8220;grid&#8220; oblique_section=&#8220;no&#8220; text_align=&#8220;center&#8220; Overflow=&#8220;&#8220; triangle_shape=&#8220;yes&#8220; triangle_shape_position=&#8220;both&#8220; triangle_shape_color=&#8220;#ffffff&#8220; background_color=&#8220;#ffffff&#8220; css_animation=&#8220;element_from_fade&#8220; overflow=&#8220;&#8220;][vc_column width=&#8220;1\/2&#8243;][vc_empty_space height=&#8220;70px&#8220; image_repeat=&#8220;no-repeat&#8220;]<div class=\"custom_font_holder  \" style=\"font-family: Lato; font-size: 30px; line-height: 36px; font-style: normal; font-weight: 900; color: #007ac1; text-decoration: none; text-transform: uppercase; text-align: right\" data-font-size=30 data-line-height=36 ><div  ><p><strong>UNSERE PR\u00c4SENZ IM ARGENTINISCHEN PATAGONIEN<\/strong><\/p>\n<\/div><\/div>[vc_separator type=&#8220;small&#8220; position=&#8220;right&#8220; color=&#8220;#0ad1f1&#8243; width=&#8220;20&#8243; thickness=&#8220;4&#8243; up=&#8220;15&#8243; up_style=&#8220;px&#8220; down=&#8220;30&#8243; down_style=&#8220;px&#8220;][vc_empty_space height=&#8220;30px&#8220; image_repeat=&#8220;no-repeat&#8220;][\/vc_column][vc_column width=&#8220;1\/2&#8243;][vc_empty_space height=&#8220;70px&#8220; image_repeat=&#8220;no-repeat&#8220;]<div class=\"custom_font_holder  \" style=\"font-family: Lato; font-size: 20px; line-height: 26px; font-style: normal; font-weight: 500; color: #007ac1; text-decoration: none; text-transform: none; text-align: left\" data-font-size=20 data-line-height=26 ><div  ><div style=\"text-align: center;\" data-pm-slice=\"1 1 []\" data-en-clipboard=\"true\">\n<div style=\"text-align: left;\" data-pm-slice=\"1 1 []\" data-en-clipboard=\"true\">Da wir in Patagonien ans\u00e4ssig sind, kennen wir die Besonderheiten des lokalen Marktes und engagieren uns f\u00fcr die regionale Entwicklung.<\/div>\n<\/div>\n<\/div><\/div>[vc_empty_space height=&#8220;60px&#8220; image_repeat=&#8220;no-repeat&#8220;][\/vc_column][\/vc_row][vc_row row_type=&#8220;row&#8220; use_row_as_full_screen_section=&#8220;no&#8220; type=&#8220;grid&#8220; oblique_section=&#8220;no&#8220; text_align=&#8220;center&#8220; Overflow=&#8220;&#8220; triangle_shape=&#8220;no&#8220; background_image=&#8220;11613&#8243; css_animation=&#8220;&#8220; overflow=&#8220;&#8220;][vc_column width=&#8220;1\/4&#8243;][vc_empty_space height=&#8220;110px&#8220; image_repeat=&#8220;no-repeat&#8220;]<div class=\"custom_font_holder  \" style=\"font-family: Lato; font-size: 36px; line-height: 46px; font-style: normal; font-weight: 900; color: #ffffff; text-decoration: none; text-shadow: 1px 1px 2px rgba(0, 0, 0, 0.4);; text-transform: uppercase; text-align: center\" data-font-size=36 data-line-height=46 ><div  ><p>UNSERE WERTE<\/p>\n<\/div><\/div>[vc_empty_space height=&#8220;62px&#8220; image_repeat=&#8220;no-repeat&#8220;][\/vc_column][vc_column width=&#8220;1\/4&#8243;][vc_empty_space height=&#8220;100px&#8220; image_repeat=&#8220;no-repeat&#8220;]<div class='mkd_icon_with_title large circle  icon_border_outline center animation_zoom' data-icon-hover-color=#0ad1f1 data-icon-hover-background-color=rgba(255,255,255,0.9) ><div class=\"icon_holder mkd_icon_animation \" style=\" \"><div class=\"icon_holder_inner\"><span class=\"mkd_icon_stack mkd_large_icon  outline_enlarge \" style=\"color: #007ac1;background-color: #ffffff;\"><i class=\"mkd_icon_font_awesome fa fa-briefcase icon_text_icon mkd_icon_stack_1x\" style=\"\" ><\/i><span class=\"animation_overlay\" style=\"box-shadow: 0 0 0 2px #ffffff;\"><\/span><\/span><\/div><\/div><div class=\"icon_text_holder\"><div class=\"icon_title_inner_holder\"><h4 class=\"icon_title \" style=\"color: #ffffff;\">PROFESSIONALIT\u00c4T<\/h4><div class = \"separator_holder\"><span class=\"separator\" style=\"background-color:#0ad1f1;height:4px;width:30px;float:none;\"><\/span><\/div><\/div><div class=\"icon_text_inner\"><p style=''><\/p><\/div><\/div><\/div>[vc_empty_space height=&#8220;62px&#8220; image_repeat=&#8220;no-repeat&#8220;][\/vc_column][vc_column width=&#8220;1\/4&#8243;][vc_empty_space height=&#8220;100px&#8220; image_repeat=&#8220;no-repeat&#8220;]<div class='mkd_icon_with_title large circle  icon_border_outline center animation_zoom' data-icon-hover-color=#0ad1f1 data-icon-hover-background-color=rgba(255,255,255,0.9) ><div class=\"icon_holder mkd_icon_animation \" style=\" \"><div class=\"icon_holder_inner\"><span class=\"mkd_icon_stack mkd_large_icon  outline_enlarge \" style=\"color: #007ac1;background-color: #ffffff;\"><i class=\"mkd_icon_font_awesome fa fa-user icon_text_icon mkd_icon_stack_1x\" style=\"\" ><\/i><span class=\"animation_overlay\" style=\"box-shadow: 0 0 0 2px #ffffff;\"><\/span><\/span><\/div><\/div><div class=\"icon_text_holder\"><div class=\"icon_title_inner_holder\"><h4 class=\"icon_title \" style=\"color: #ffffff;\">ETHISCHE INTEGRIT\u00c4T<\/h4><div class = \"separator_holder\"><span class=\"separator\" style=\"background-color:#0ad1f1;height:4px;width:30px;float:none;\"><\/span><\/div><\/div><div class=\"icon_text_inner\"><p style=''><\/p><\/div><\/div><\/div>[vc_empty_space height=&#8220;62px&#8220; image_repeat=&#8220;no-repeat&#8220;][\/vc_column][vc_column width=&#8220;1\/4&#8243;][vc_empty_space height=&#8220;100px&#8220; image_repeat=&#8220;no-repeat&#8220;]<div class='mkd_icon_with_title large circle  icon_border_outline center animation_zoom' data-icon-hover-color=#0ad1f1 data-icon-hover-background-color=rgba(255,255,255,0.9) ><div class=\"icon_holder mkd_icon_animation \" style=\" \"><div class=\"icon_holder_inner\"><span class=\"mkd_icon_stack mkd_large_icon  outline_enlarge \" style=\"color: #007ac1;background-color: #ffffff;\"><i class=\"mkd_icon_font_awesome fa fa-comments icon_text_icon mkd_icon_stack_1x\" style=\"\" ><\/i><span class=\"animation_overlay\" style=\"box-shadow: 0 0 0 2px #ffffff;\"><\/span><\/span><\/div><\/div><div class=\"icon_text_holder\"><div class=\"icon_title_inner_holder\"><h4 class=\"icon_title \" style=\"color: #ffffff;\">FLEXIBILIT\u00c4T<\/h4><div class = \"separator_holder\"><span class=\"separator\" style=\"background-color:#0ad1f1;height:4px;width:30px;float:none;\"><\/span><\/div><\/div><div class=\"icon_text_inner\"><p style=''><\/p><\/div><\/div><\/div>[vc_empty_space height=&#8220;62px&#8220; image_repeat=&#8220;no-repeat&#8220;][\/vc_column][\/vc_row][vc_row row_type=&#8220;row&#8220; use_row_as_full_screen_section=&#8220;no&#8220; type=&#8220;full_width&#8220; oblique_section=&#8220;no&#8220; text_align=&#8220;left&#8220; Overflow=&#8220;&#8220; triangle_shape=&#8220;no&#8220; background_color=&#8220;#0ad1f1&#8243; css_animation=&#8220;&#8220; overflow=&#8220;&#8220;][vc_column][vc_empty_space height=&#8220;5px&#8220; image_repeat=&#8220;no-repeat&#8220;][\/vc_column][\/vc_row][vc_row row_type=&#8220;row&#8220; use_row_as_full_screen_section=&#8220;no&#8220; type=&#8220;grid&#8220; oblique_section=&#8220;no&#8220; text_align=&#8220;center&#8220; Overflow=&#8220;&#8220; triangle_shape=&#8220;no&#8220; background_color=&#8220;#ffffff&#8220; css_animation=&#8220;element_from_fade&#8220; overflow=&#8220;&#8220;][vc_column width=&#8220;1\/6&#8243;][\/vc_column][vc_column width=&#8220;1\/6&#8243;][vc_empty_space height=&#8220;120px&#8220; image_repeat=&#8220;no-repeat&#8220;]<div class=\"custom_font_holder  \" style=\"font-family: Lato; font-size: 25px; line-height: 40px; font-style: normal; font-weight: 900; color: #007ac1; text-decoration: none; text-transform: uppercase; text-align: left\" data-font-size=25 data-line-height=40 ><div  ><p>QUALIT\u00c4TSSIEGEL<\/p>\n<\/div><\/div>[\/vc_column][vc_column width=&#8220;1\/6&#8243;][vc_empty_space height=&#8220;90px&#8220; image_repeat=&#8220;no-repeat&#8220;][vc_single_image image=&#8220;11820&#8243; alignment=&#8220;right&#8220; mkd_css_animation=&#8220;&#8220; set_shader=&#8220;no&#8220; set_popup=&#8220;no&#8220; animate_image_on_hover=&#8220;no&#8220;][\/vc_column][vc_column width=&#8220;1\/6&#8243;][vc_empty_space height=&#8220;90px&#8220; image_repeat=&#8220;no-repeat&#8220;][vc_single_image image=&#8220;11824&#8243; alignment=&#8220;center&#8220; mkd_css_animation=&#8220;&#8220; set_shader=&#8220;no&#8220; set_popup=&#8220;no&#8220; animate_image_on_hover=&#8220;no&#8220;][\/vc_column][vc_column width=&#8220;1\/6&#8243;][vc_empty_space height=&#8220;40px&#8220; image_repeat=&#8220;no-repeat&#8220;][vc_single_image image=&#8220;11883&#8243; img_size=&#8220;medium&#8220; alignment=&#8220;center&#8220; mkd_css_animation=&#8220;&#8220; set_shader=&#8220;no&#8220; set_popup=&#8220;no&#8220; animate_image_on_hover=&#8220;no&#8220;][vc_empty_space height=&#8220;40px&#8220; image_repeat=&#8220;no-repeat&#8220;][\/vc_column][vc_column width=&#8220;1\/6&#8243;][\/vc_column][\/vc_row][vc_row row_type=&#8220;row&#8220; use_row_as_full_screen_section=&#8220;no&#8220; type=&#8220;full_width&#8220; oblique_section=&#8220;no&#8220; text_align=&#8220;left&#8220; Overflow=&#8220;&#8220; triangle_shape=&#8220;no&#8220; background_image=&#8220;10714&#8243; css_animation=&#8220;&#8220; overflow=&#8220;&#8220;][vc_column][vc_empty_space height=&#8220;15px&#8220; image_repeat=&#8220;no-repeat&#8220;][\/vc_column][\/vc_row]<\/p>\n","protected":false},"excerpt":{"rendered":"<p>[vc_row row_type=&#8220;row&#8220; use_row_as_full_screen_section=&#8220;no&#8220; type=&#8220;grid&#8220; oblique_section=&#8220;no&#8220; text_align=&#8220;center&#8220; Overflow=&#8220;&#8220; triangle_shape=&#8220;no&#8220; css_animation=&#8220;element_from_fade&#8220; overflow=&#8220;&#8220;][vc_column][vc_empty_space height=&#8220;52px&#8220; image_repeat=&#8220;no-repeat&#8220;][vc_single_image image=&#8220;10709&#8243; alignment=&#8220;center&#8220; mkd_css_animation=&#8220;&#8220; set_shader=&#8220;no&#8220; set_popup=&#8220;no&#8220; animate_image_on_hover=&#8220;zoom&#8220;][vc_empty_space height=&#8220;35px&#8220; image_repeat=&#8220;no-repeat&#8220;][vc_empty_space height=&#8220;20px&#8220; image_repeat=&#8220;no-repeat&#8220;][vc_empty_space height=&#8220;72px&#8220; image_repeat=&#8220;no-repeat&#8220;][\/vc_column][\/vc_row][vc_row row_type=&#8220;row&#8220; use_row_as_full_screen_section=&#8220;no&#8220; type=&#8220;grid&#8220; oblique_section=&#8220;no&#8220; text_align=&#8220;center&#8220; Overflow=&#8220;&#8220; triangle_shape=&#8220;yes&#8220; triangle_shape_position=&#8220;top&#8220; triangle_shape_color=&#8220;#ffffff&#8220; background_image=&#8220;11199&#8243; css_animation=&#8220;element_from_fade&#8220; overflow=&#8220;&#8220;][vc_column][vc_empty_space height=&#8220;80px&#8220; image_repeat=&#8220;no-repeat&#8220;][vc_separator type=&#8220;small&#8220; position=&#8220;center&#8220; color=&#8220;#ffffff&#8220; width=&#8220;30&#8243; thickness=&#8220;2&#8243; up=&#8220;20&#8243; up_style=&#8220;px&#8220;&#8230;<\/p>\n","protected":false},"author":1,"featured_media":0,"parent":0,"menu_order":0,"comment_status":"closed","ping_status":"closed","template":"full_width.php","meta":{"footnotes":""},"class_list":["post-11123","page","type-page","status-publish","hentry"],"_links":{"self":[{"href":"https:\/\/talento-global.com\/de\/wp-json\/wp\/v2\/pages\/11123","targetHints":{"allow":["GET"]}}],"collection":[{"href":"https:\/\/talento-global.com\/de\/wp-json\/wp\/v2\/pages"}],"about":[{"href":"https:\/\/talento-global.com\/de\/wp-json\/wp\/v2\/types\/page"}],"author":[{"embeddable":true,"href":"https:\/\/talento-global.com\/de\/wp-json\/wp\/v2\/users\/1"}],"replies":[{"embeddable":true,"href":"https:\/\/talento-global.com\/de\/wp-json\/wp\/v2\/comments?post=11123"}],"version-history":[{"count":95,"href":"https:\/\/talento-global.com\/de\/wp-json\/wp\/v2\/pages\/11123\/revisions"}],"predecessor-version":[{"id":12178,"href":"https:\/\/talento-global.com\/de\/wp-json\/wp\/v2\/pages\/11123\/revisions\/12178"}],"wp:attachment":[{"href":"https:\/\/talento-global.com\/de\/wp-json\/wp\/v2\/media?parent=11123"}],"curies":[{"name":"wp","href":"https:\/\/api.w.org\/{rel}","templated":true}]}}