{"id":11126,"date":"2022-08-16T21:00:27","date_gmt":"2022-08-16T21:00:27","guid":{"rendered":"https:\/\/talento-global.com\/servicios-aleman\/"},"modified":"2025-10-17T01:15:45","modified_gmt":"2025-10-17T01:15:45","slug":"servicios","status":"publish","type":"page","link":"https:\/\/talento-global.com\/de\/servicios\/","title":{"rendered":"DIENSTLEISTUNGEN"},"content":{"rendered":"<p>[vc_row row_type=&#8220;row&#8220; use_row_as_full_screen_section=&#8220;no&#8220; type=&#8220;grid&#8220; oblique_section=&#8220;no&#8220; text_align=&#8220;left&#8220; Overflow=&#8220;&#8220; triangle_shape=&#8220;no&#8220; background_color=&#8220;#f2f2f2&#8243; padding_bottom=&#8220;30&#8243; css_animation=&#8220;&#8220; overflow=&#8220;&#8220;][vc_column width=&#8220;1\/2&#8243;][vc_empty_space height=&#8220;70px&#8220; image_repeat=&#8220;no-repeat&#8220;][vc_single_image image=&#8220;10722&#8243; img_size=&#8220;large&#8220; alignment=&#8220;right&#8220; style=&#8220;vc_box_shadow&#8220; mkd_css_animation=&#8220;&#8220; set_shader=&#8220;no&#8220; set_popup=&#8220;no&#8220; animate_image_on_hover=&#8220;no&#8220;][vc_empty_space height=&#8220;52px&#8220; image_repeat=&#8220;no-repeat&#8220;][\/vc_column][vc_column width=&#8220;1\/2&#8243;][vc_empty_space height=&#8220;70px&#8220; image_repeat=&#8220;no-repeat&#8220;][no_text_slider_holder show_navigation=&#8220;yes&#8220; navigation_position=&#8220;nav-left&#8220;][no_text_slider_item]<div class=\"custom_font_holder  \" style=\"font-family: Lato; font-size: 27px; line-height: 30px; font-style: normal; font-weight: 800; color: #1e73be; text-decoration: none; padding: 0px 0px 25px 0px; text-transform: uppercase; text-align: left\" data-font-size=27 data-line-height=30 ><div  ><p class=\"p1\"><strong>PERSONALREKRUTIERUNG UND -AUSWAHL IN ARGENTINIEN UND PATAGONIEN<\/strong><\/p>\n<\/div><\/div>[vc_separator type=&#8220;small&#8220; position=&#8220;left&#8220; color=&#8220;#22d6ca&#8220; width=&#8220;20&#8243; thickness=&#8220;4&#8243; up=&#8220;0&#8243; up_style=&#8220;px&#8220; down=&#8220;20&#8243; down_style=&#8220;px&#8220;][vc_column_text]<span style=\"color: #808080;\">Durch einen umfassenden Ansatz w\u00e4hlen wir die besten lokalen Fachkr\u00e4fte aus, insbesondere aus Patagonien, Argentinien, und haben zudem Zugriff auf einen internationalen Talentpool. Ob Sie ein spezialisiertes Profil in der Region oder einen globalen Experten ben\u00f6tigen, wir garantieren, dass jede Auswahl optimal zu Ihrem Unternehmen passt.<\/span>[\/vc_column_text][\/no_text_slider_item][no_text_slider_item]<div class=\"custom_font_holder  \" style=\"font-family: Lato; font-size: 27px; line-height: 30px; font-style: normal; font-weight: 800; color: #1e73be; text-decoration: none; padding: 0px 0px 25px 0px; text-transform: uppercase; text-align: left\" data-font-size=27 data-line-height=30 ><div  ><p>Globale Talentsuche<\/p>\n<\/div><\/div>[vc_separator type=&#8220;small&#8220; position=&#8220;left&#8220; color=&#8220;#22d6ca&#8220; width=&#8220;20&#8243; thickness=&#8220;4&#8243; up=&#8220;0&#8243; up_style=&#8220;px&#8220; down=&#8220;30&#8243; down_style=&#8220;px&#8220;][vc_column_text]<span style=\"color: #808080;\">Unabh\u00e4ngig vom Standort Ihres Unternehmens verf\u00fcgen wir \u00fcber die Ressourcen und die Erfahrung, um internationale Profile zu finden, die Ihren Zielen entsprechen. Von Buenos Aires bis Ushuaia und von New York bis Tokio verbinden wir Ihr Unternehmen mit den besten Talenten weltweit.<\/span>[\/vc_column_text][\/no_text_slider_item][no_text_slider_item]<div class=\"custom_font_holder  \" style=\"font-family: Lato; font-size: 27px; line-height: 30px; font-style: normal; font-weight: 800; color: #1e73be; text-decoration: none; padding: 0px 0px 25px 0px; text-transform: uppercase; text-align: left\" data-font-size=27 data-line-height=30 ><div  ><p>Strategische HR-Beratung<\/p>\n<\/div><\/div>[vc_separator type=&#8220;small&#8220; position=&#8220;left&#8220; color=&#8220;#22d6ca&#8220; width=&#8220;20&#8243; thickness=&#8220;4&#8243; up=&#8220;0&#8243; up_style=&#8220;px&#8220; down=&#8220;30&#8243; down_style=&#8220;px&#8220;][vc_column_text]<span style=\"color: #808080;\">Unsere Expertise geht \u00fcber die Personalbeschaffung hinaus; wir bieten auch spezialisierte Beratung in den Bereichen Personalmanagement, Organisationsentwicklung, Leistungsbewertung und mehr sowohl f\u00fcr lokale Unternehmen in Patagonien als auch f\u00fcr internationale Konzerne.<\/span>[\/vc_column_text][vc_separator type=&#8220;transparent&#8220; up_style=&#8220;px&#8220; down=&#8220;50&#8243; down_style=&#8220;px&#8220;][\/no_text_slider_item][\/no_text_slider_holder][\/vc_column][\/vc_row][vc_row row_type=&#8220;row&#8220; use_row_as_full_screen_section=&#8220;no&#8220; type=&#8220;full_width&#8220; oblique_section=&#8220;no&#8220; text_align=&#8220;center&#8220; Overflow=&#8220;&#8220; triangle_shape=&#8220;no&#8220; background_color=&#8220;#ffffff&#8220; css_animation=&#8220;&#8220; overflow=&#8220;&#8220;][vc_column][vc_empty_space height=&#8220;52px&#8220; image_repeat=&#8220;no-repeat&#8220;][vc_single_image image=&#8220;10918&#8243; img_size=&#8220;full&#8220; alignment=&#8220;center&#8220; mkd_css_animation=&#8220;element_from_fade&#8220; set_shader=&#8220;no&#8220; set_popup=&#8220;no&#8220; animate_image_on_hover=&#8220;zoom&#8220;][vc_empty_space image_repeat=&#8220;no-repeat&#8220;]<div class=\"custom_font_holder  \" style=\"font-family: Lato; font-size: 34px; line-height: 40px; font-style: normal; font-weight: 900; color: #007ac1; text-decoration: none; text-transform: uppercase; text-align: center\" data-font-size=34 data-line-height=40 ><div  ><p>UNSER AUSWAHLPROZESS<\/p>\n<\/div><\/div>[vc_separator type=&#8220;small&#8220; position=&#8220;center&#8220; color=&#8220;#24dfe5&#8243; width=&#8220;30&#8243; thickness=&#8220;3&#8243; up=&#8220;30&#8243; up_style=&#8220;px&#8220; down_style=&#8220;px&#8220;][\/vc_column][\/vc_row][vc_row row_type=&#8220;row&#8220; use_row_as_full_screen_section=&#8220;no&#8220; type=&#8220;grid&#8220; oblique_section=&#8220;no&#8220; text_align=&#8220;left&#8220; Overflow=&#8220;&#8220; triangle_shape=&#8220;yes&#8220; triangle_shape_position=&#8220;bottom&#8220; triangle_shape_color=&#8220;&#8220; background_color=&#8220;#ffffff&#8220; css_animation=&#8220;&#8220; overflow=&#8220;&#8220;][vc_column][vc_empty_space height=&#8220;30px&#8220; image_repeat=&#8220;no-repeat&#8220;]<div class=\"custom_font_holder  \" style=\"font-family: Lato; font-size: 21px; line-height: 31px; font-style: normal; font-weight: 500; color: #878787; text-decoration: none; text-transform: none; text-align: center\" data-font-size=21 data-line-height=31 ><div  ><p style=\"text-align: center;\">Unser Auswahlverfahren ist darauf ausgerichtet, die besten Kandidaten sowohl lokal (in Argentinien, mit Schwerpunkt Patagonien) als auch weltweit zu finden. Jede Phase unseres Prozesses stellt sicher, dass Ihre Erwartungen und die Ihres Teams erf\u00fcllt werden:<\/p>\n<\/div><\/div>[\/vc_column][\/vc_row][vc_row row_type=&#8220;row&#8220; use_row_as_full_screen_section=&#8220;no&#8220; type=&#8220;grid&#8220; oblique_section=&#8220;no&#8220; text_align=&#8220;left&#8220; Overflow=&#8220;&#8220; triangle_shape=&#8220;no&#8220; background_color=&#8220;#ffffff&#8220; css_animation=&#8220;&#8220; overflow=&#8220;&#8220;][vc_column][vc_empty_space height=&#8220;50px&#8220; image_repeat=&#8220;no-repeat&#8220;]<div class='cover_boxes boxes_two' data-active-element='1' date-number_of_items=\"2\"><ul class='clearfix'><li><div class='box'><a class='thumb' href='' target='_self'><img alt='WIR VERSTEHEN IHRE BED\u00dcRFNISSE' src='https:\/\/talento-global.com\/wp-content\/uploads\/2022\/08\/servicios-1.jpg' \/><\/a><div class='box_content'><h4  style='color:#007ac1'' class='cover_box_title'>WIR VERSTEHEN IHRE BED\u00dcRFNISSE<\/h4><span class=\"separator small\" style=\"border-color: #23d3e0;border-width: 3px;\"><\/span><p  style='color:#545454'>Wir treffen uns mit Ihrem Unternehmen, um Ihre Bed\u00fcrfnisse und Ihre Kultur vollst\u00e4ndig zu verstehen, sei es im argentinischen Patagonien oder in einer anderen Region.<\/p><\/div><\/div><\/li><li><div class='box'><a class='thumb' href='' target='_self'><img alt='AKTIVE KANDIDATENSUCHE' src='https:\/\/talento-global.com\/wp-content\/uploads\/2022\/08\/servicios-2B.jpg' \/><\/a><div class='box_content'><h4  style='color:#007ac1'' class='cover_box_title'>AKTIVE KANDIDATENSUCHE<\/h4><span class=\"separator small\" style=\"border-color: #23d3e0;border-width: 3px;\"><\/span><p  style='color:#545454''>Wir nutzen unser Netzwerk aus lokalen und internationalen Kontakten und Ressourcen, um die besten Talente anzuziehen.<\/p><\/div><\/div><\/li><\/ul><\/div>[\/vc_column][\/vc_row][vc_row row_type=&#8220;row&#8220; use_row_as_full_screen_section=&#8220;no&#8220; type=&#8220;grid&#8220; oblique_section=&#8220;no&#8220; text_align=&#8220;left&#8220; Overflow=&#8220;&#8220; triangle_shape=&#8220;no&#8220; background_color=&#8220;#ffffff&#8220; css_animation=&#8220;&#8220; overflow=&#8220;&#8220;][vc_column][vc_empty_space height=&#8220;23px&#8220; image_repeat=&#8220;no-repeat&#8220;]<div class='cover_boxes boxes_two' data-active-element='1' date-number_of_items=\"2\"><ul class='clearfix'><li><div class='box'><a class='thumb' href='' target='_self'><img alt='STRENGE BEWERTUNG' src='https:\/\/talento-global.com\/wp-content\/uploads\/2022\/08\/servicios-4B.jpg' \/><\/a><div class='box_content'><h4  style='color:#007ac1'' class='cover_box_title'>STRENGE BEWERTUNG<\/h4><span class=\"separator small\" style=\"border-color: #23d3e0;border-width: 3px;\"><\/span><p  style='color:#545454'>Wir f\u00fchren Interviews, psychometrische Tests und Kompetenzbewertungen durch, um die perfekte Passform sicherzustellen.<\/p><\/div><\/div><\/li><li><div class='box'><a class='thumb' href='' target='_self'><img alt='PR\u00c4SENTATION DER KANDIDATEN' src='https:\/\/talento-global.com\/wp-content\/uploads\/2022\/08\/servicios-3E.jpg' \/><\/a><div class='box_content'><h4  style='color:#007ac1'' class='cover_box_title'>PR\u00c4SENTATION DER KANDIDATEN<\/h4><span class=\"separator small\" style=\"border-color: #23d3e0;border-width: 3px;\"><\/span><p  style='color:#545454''>Wir pr\u00e4sentieren Ihnen die Kandidaten, die Ihren Anforderungen am besten entsprechen, nicht nur hinsichtlich ihrer F\u00e4higkeiten, sondern auch hinsichtlich ihrer Werte und Unternehmenskultur.<\/p><\/div><\/div><\/li><\/ul><\/div>[\/vc_column][\/vc_row][vc_row row_type=&#8220;row&#8220; use_row_as_full_screen_section=&#8220;no&#8220; type=&#8220;grid&#8220; oblique_section=&#8220;no&#8220; text_align=&#8220;left&#8220; Overflow=&#8220;&#8220; triangle_shape=&#8220;no&#8220; background_color=&#8220;#ffffff&#8220; css_animation=&#8220;&#8220; overflow=&#8220;&#8220;][vc_column][vc_empty_space height=&#8220;23px&#8220; image_repeat=&#8220;no-repeat&#8220;]<div class='cover_boxes boxes_two' data-active-element='1' date-number_of_items=\"2\"><ul class='clearfix'><li><div class='box'><a class='thumb' href='' target='_self'><img alt='INTEGRATION UND \u00dcBERWACHUNG' src='https:\/\/talento-global.com\/wp-content\/uploads\/2022\/08\/home-3D.jpg' \/><\/a><div class='box_content'><h4  style='color:#007ac1'' class='cover_box_title'>INTEGRATION UND \u00dcBERWACHUNG<\/h4><span class=\"separator small\" style=\"border-color: #23d3e0;border-width: 3px;\"><\/span><p  style='color:#545454'>Wir unterst\u00fctzen den Integrationsprozess, um sicherzustellen, dass sich neue Mitarbeiter optimal in Ihr Unternehmen integrieren.<\/p><\/div><\/div><\/li><li><div class='box'><a class='thumb' href='' target='_self'><img alt='' src='' \/><\/a><div class='box_content'><h4  style='color:#007ac1'' class='cover_box_title'><\/h4><span class=\"separator small\" style=\"border-color: #23d3e0;border-width: 3px;\"><\/span><p  style='color:#545454''><\/p><\/div><\/div><\/li><\/ul><\/div>[vc_empty_space height=&#8220;80px&#8220; image_repeat=&#8220;no-repeat&#8220;][\/vc_column][\/vc_row][vc_row row_type=&#8220;row&#8220; use_row_as_full_screen_section=&#8220;no&#8220; type=&#8220;full_width&#8220; oblique_section=&#8220;no&#8220; text_align=&#8220;left&#8220; Overflow=&#8220;&#8220; triangle_shape=&#8220;no&#8220; background_image=&#8220;10714&#8243; css_animation=&#8220;&#8220; overflow=&#8220;&#8220;][vc_column][vc_empty_space height=&#8220;40px&#8220; image_repeat=&#8220;no-repeat&#8220;][vc_empty_space height=&#8220;5px&#8220; image_repeat=&#8220;no-repeat&#8220; css=&#8220;.vc_custom_1661265072103{background-color: #0ad1f1 !important;}&#8220;][\/vc_column][\/vc_row]<\/p>\n","protected":false},"excerpt":{"rendered":"<p>[vc_row row_type=&#8220;row&#8220; use_row_as_full_screen_section=&#8220;no&#8220; type=&#8220;grid&#8220; oblique_section=&#8220;no&#8220; text_align=&#8220;left&#8220; Overflow=&#8220;&#8220; triangle_shape=&#8220;no&#8220; background_color=&#8220;#f2f2f2&#8243; padding_bottom=&#8220;30&#8243; css_animation=&#8220;&#8220; overflow=&#8220;&#8220;][vc_column width=&#8220;1\/2&#8243;][vc_empty_space height=&#8220;70px&#8220; image_repeat=&#8220;no-repeat&#8220;][vc_single_image image=&#8220;10722&#8243; img_size=&#8220;large&#8220; alignment=&#8220;right&#8220; style=&#8220;vc_box_shadow&#8220; mkd_css_animation=&#8220;&#8220; set_shader=&#8220;no&#8220; set_popup=&#8220;no&#8220; animate_image_on_hover=&#8220;no&#8220;][vc_empty_space height=&#8220;52px&#8220; image_repeat=&#8220;no-repeat&#8220;][\/vc_column][vc_column width=&#8220;1\/2&#8243;][vc_empty_space height=&#8220;70px&#8220; image_repeat=&#8220;no-repeat&#8220;][no_text_slider_holder show_navigation=&#8220;yes&#8220; navigation_position=&#8220;nav-left&#8220;][no_text_slider_item][vc_separator type=&#8220;small&#8220; position=&#8220;left&#8220; color=&#8220;#22d6ca&#8220; width=&#8220;20&#8243; thickness=&#8220;4&#8243; up=&#8220;0&#8243; up_style=&#8220;px&#8220; down=&#8220;20&#8243; down_style=&#8220;px&#8220;][vc_column_text]Durch einen umfassenden Ansatz w\u00e4hlen wir die&#8230;<\/p>\n","protected":false},"author":1,"featured_media":0,"parent":0,"menu_order":0,"comment_status":"closed","ping_status":"closed","template":"full_width.php","meta":{"footnotes":""},"class_list":["post-11126","page","type-page","status-publish","hentry"],"_links":{"self":[{"href":"https:\/\/talento-global.com\/de\/wp-json\/wp\/v2\/pages\/11126","targetHints":{"allow":["GET"]}}],"collection":[{"href":"https:\/\/talento-global.com\/de\/wp-json\/wp\/v2\/pages"}],"about":[{"href":"https:\/\/talento-global.com\/de\/wp-json\/wp\/v2\/types\/page"}],"author":[{"embeddable":true,"href":"https:\/\/talento-global.com\/de\/wp-json\/wp\/v2\/users\/1"}],"replies":[{"embeddable":true,"href":"https:\/\/talento-global.com\/de\/wp-json\/wp\/v2\/comments?post=11126"}],"version-history":[{"count":41,"href":"https:\/\/talento-global.com\/de\/wp-json\/wp\/v2\/pages\/11126\/revisions"}],"predecessor-version":[{"id":12156,"href":"https:\/\/talento-global.com\/de\/wp-json\/wp\/v2\/pages\/11126\/revisions\/12156"}],"wp:attachment":[{"href":"https:\/\/talento-global.com\/de\/wp-json\/wp\/v2\/media?parent=11126"}],"curies":[{"name":"wp","href":"https:\/\/api.w.org\/{rel}","templated":true}]}}